{"id":695,"date":"2021-02-14T18:24:35","date_gmt":"2021-02-14T17:24:35","guid":{"rendered":"https:\/\/pfadijurabiel.ch\/wordpress\/?page_id=695"},"modified":"2025-11-19T10:49:32","modified_gmt":"2025-11-19T09:49:32","slug":"materialstelle","status":"publish","type":"page","link":"https:\/\/pfadijurabiel.ch\/?page_id=695","title":{"rendered":"Materialstelle"},"content":{"rendered":"<div data-colibri-id=\"695-c1\" class=\"style-1102 style-local-695-c1 position-relative\">\n  <!---->\n  <div data-colibri-component=\"section\" data-colibri-id=\"695-c2\" id=\"custom\" class=\"h-section h-section-global-spacing d-flex align-items-lg-center align-items-md-center align-items-center style-1103 style-local-695-c2 position-relative\">\n    <!---->\n    <!---->\n    <div class=\"h-section-grid-container h-section-boxed-container\">\n      <!---->\n      <div data-colibri-id=\"695-c3\" class=\"h-row-container gutters-row-lg-2 gutters-row-md-2 gutters-row-0 gutters-row-v-lg-2 gutters-row-v-md-2 gutters-row-v-2 style-1107 style-local-695-c3 position-relative\">\n        <!---->\n        <div class=\"h-row justify-content-lg-center justify-content-md-center justify-content-center align-items-lg-stretch align-items-md-stretch align-items-stretch gutters-col-lg-2 gutters-col-md-2 gutters-col-0 gutters-col-v-lg-2 gutters-col-v-md-2 gutters-col-v-2\">\n          <!---->\n          <div class=\"h-column h-column-container d-flex h-col-lg-auto h-col-md-auto h-col-auto style-1108-outer style-local-695-c4-outer\">\n            <div data-colibri-id=\"695-c4\" class=\"d-flex h-flex-basis h-column__inner h-px-lg-2 h-px-md-2 h-px-2 v-inner-lg-2 v-inner-md-2 v-inner-2 style-1108 style-local-695-c4 position-relative\">\n              <!---->\n              <!---->\n              <div class=\"w-100 h-y-container h-column__content h-column__v-align flex-basis-100 align-self-lg-start align-self-md-start align-self-start\">\n                <!---->\n                <div data-colibri-id=\"695-c5\" class=\"h-global-transition-all h-heading style-1109 style-local-695-c5 position-relative h-element\">\n                  <!---->\n                  <div class=\"h-heading__outer style-1109 style-local-695-c5\">\n                    <!---->\n                    <!---->\n                    <h2 class=\"\">Material- und Bekleidungsstelle<\/h2>\n                  <\/div>\n                <\/div>\n              <\/div>\n            <\/div>\n          <\/div>\n        <\/div>\n      <\/div>\n      <div data-colibri-id=\"695-c6\" class=\"h-row-container gutters-row-lg-2 gutters-row-md-2 gutters-row-0 gutters-row-v-lg-2 gutters-row-v-md-2 gutters-row-v-2 style-1104 style-local-695-c6 position-relative\">\n        <!---->\n        <div class=\"h-row justify-content-lg-center justify-content-md-center justify-content-center align-items-lg-stretch align-items-md-stretch align-items-stretch gutters-col-lg-2 gutters-col-md-2 gutters-col-0 gutters-col-v-lg-2 gutters-col-v-md-2 gutters-col-v-2\">\n          <!---->\n          <div class=\"h-column h-column-container d-flex h-col-lg-auto h-col-md-auto h-col-auto style-1105-outer style-local-695-c7-outer\">\n            <div data-colibri-id=\"695-c7\" class=\"d-flex h-flex-basis h-column__inner h-px-lg-2 h-px-md-2 h-px-2 v-inner-lg-2 v-inner-md-2 v-inner-2 style-1105 style-local-695-c7 position-relative\">\n              <!---->\n              <!---->\n              <div class=\"w-100 h-y-container h-column__content h-column__v-align flex-basis-100 align-self-lg-start align-self-md-start align-self-start\">\n                <!---->\n                <div data-colibri-id=\"695-c8\" class=\"h-text h-text-component style-1106 style-local-695-c8 position-relative h-element\">\n                  <!---->\n                  <!---->\n                  <div class=\"\">\n                    <p>Die Materialstelle sorgt daf\u00fcr, dass unsere Abteilung immer mit zweckm\u00e4ssigen Pfadiutensilien versorgt wird. Eine gute und passende Ausr\u00fcstung ist f\u00fcr den Pfadialltag unerl\u00e4sslich. Diese Ausr\u00fcstungsgegenst\u00e4nde k\u00f6nnen direkt bei unserer\n                      Materialstelle bezogen werden. Dort erhaltet Ihr abteilungsspezifische Sachen, wie Hemd, Foulard, Abzeichen, etc., sowie alle Produkte vom offiziellen Pfadiausr\u00fcster Hajk portofrei.<\/p>\n                  <\/div>\n                <\/div>\n              <\/div>\n            <\/div>\n          <\/div>\n          <div class=\"h-column h-column-container d-flex h-col-lg-auto h-col-md-auto h-col-auto style-1110-outer style-local-695-c9-outer\">\n            <div data-colibri-id=\"695-c9\" class=\"d-flex h-flex-basis h-column__inner h-px-lg-2 h-px-md-2 h-px-2 v-inner-lg-2 v-inner-md-2 v-inner-2 style-1110 style-local-695-c9 position-relative\">\n              <!---->\n              <!---->\n              <div class=\"w-100 h-y-container h-column__content h-column__v-align flex-basis-100 align-self-lg-start align-self-md-start align-self-start\">\n                <!---->\n                <div data-colibri-id=\"695-c10\" class=\"d-block style-1111 style-local-695-c10 position-relative h-element\">\n                  <!---->\n                  <div class=\"h-image__frame-container-outer\">\n                    <div class=\"h-image__frame-container\">\n                      <!---->\n                      <!---->\n                      <img decoding=\"async\" src=\"https:\/\/pfadijurabiel.ch\/wp-content\/uploads\/2021\/06\/Logo_Material-und-Bekleidungsstelle_mL.png\" class=\"wp-image-5902 style-1111-image style-local-695-c10-image\" alt=\"\" \/>\n                      <div class=\"h-image__frame h-hide-lg h-hide-md h-hide-sm style-1111-frameImage style-local-695-c10-frameImage\"><\/div>\n                    <\/div>\n                  <\/div>\n                <\/div>\n              <\/div>\n            <\/div>\n          <\/div>\n        <\/div>\n      <\/div>\n      <div data-colibri-id=\"695-c11\" class=\"h-row-container gutters-row-lg-2 gutters-row-md-2 gutters-row-0 gutters-row-v-lg-2 gutters-row-v-md-2 gutters-row-v-2 style-1774 style-local-695-c11 position-relative\">\n        <!---->\n        <div class=\"h-row justify-content-lg-center justify-content-md-center justify-content-center align-items-lg-stretch align-items-md-stretch align-items-stretch gutters-col-lg-2 gutters-col-md-2 gutters-col-0 gutters-col-v-lg-2 gutters-col-v-md-2 gutters-col-v-2\">\n          <!---->\n          <div class=\"h-column h-column-container d-flex h-col-lg-auto h-col-md-auto h-col-auto style-1775-outer style-local-695-c12-outer\">\n            <div data-colibri-id=\"695-c12\" class=\"d-flex h-flex-basis h-column__inner h-px-lg-2 h-px-md-2 h-px-2 v-inner-lg-2 v-inner-md-2 v-inner-2 style-1775 style-local-695-c12 position-relative\">\n              <!---->\n              <!---->\n              <div class=\"w-100 h-y-container h-column__content h-column__v-align flex-basis-100 align-self-lg-end align-self-md-end align-self-end\">\n                <!---->\n                <div data-colibri-id=\"695-c13\" class=\"h-global-transition-all h-heading style-1762 style-local-695-c13 position-relative h-element\">\n                  <!---->\n                  <div class=\"h-heading__outer style-1762 style-local-695-c13\">\n                    <!---->\n                    <!---->\n                    <h5 class=\"\">Aktuelle Infos<\/h5>\n                  <\/div>\n                <\/div>\n                <div data-colibri-id=\"695-c14\" class=\"h-text h-text-component style-1771 style-local-695-c14 position-relative h-element\">\n                  <!---->\n                  <!---->\n                  <div class=\"\">\n                    <p>n\u00e4chste \u00d6ffnungszeiten\n                      <br>\n                    <\/p>\n                  <\/div>\n                <\/div>\n              <\/div>\n            <\/div>\n          <\/div>\n          <div class=\"h-column h-column-container d-flex h-col-lg-auto h-col-md-auto h-col-auto style-1776-outer style-local-695-c15-outer\">\n            <div data-colibri-id=\"695-c15\" class=\"d-flex h-flex-basis h-column__inner h-px-lg-2 h-px-md-2 h-px-2 v-inner-lg-2 v-inner-md-2 v-inner-2 style-1776 style-local-695-c15 position-relative\">\n              <!---->\n              <!---->\n              <div class=\"w-100 h-y-container h-column__content h-column__v-align flex-basis-100 align-self-lg-end align-self-md-end align-self-end\">\n                <!---->\n                <div data-colibri-id=\"695-c16\" class=\"h-x-container style-1765 style-local-695-c16 position-relative h-element\">\n                  <!---->\n                  <div class=\"h-x-container-inner style-dynamic-695-c16-group style-1765-spacing style-local-695-c16-spacing\"><span class=\"h-link__outer style-1766-outer style-local-695-c17-outer d-inline-flex h-element\"><a h-use-smooth-scroll=\"true\" href=\"https:\/\/pfadijurabiel.ch\/?page_id=11\" target=\"_blank\"  data-colibri-id=\"695-c17\" class=\"d-flex w-100 align-items-center h-link style-1766 style-local-695-c17 position-relative\"><!----><span  class=\"h-svg-icon h-link__icon style-1766-icon style-local-695-c17-icon\"><!--Icon by Font Awesome (https:\/\/fontawesome.com)-->\n    <svg version=\"1.1\" xmlns=\"http:\/\/www.w3.org\/2000\/svg\" xmlns:xlink=\"http:\/\/www.w3.org\/1999\/xlink\" id=\"share\" viewBox=\"0 0 1792 1896.0833\">\n      <path d=\"M1792 640q0 26-19 45l-512 512q-19 19-45 19t-45-19-19-45V896H928q-98 0-175.5 6t-154 21.5-133 42.5-105.5 69.5-80 101-48.5 138.5-17.5 181q0 55 5 123 0 6 2.5 23.5t2.5 26.5q0 15-8.5 25t-23.5 10q-16 0-28-17-7-9-13-22t-13.5-30-10.5-24Q0 1286 0 1120q0-199 53-333 162-403 875-403h224V128q0-26 19-45t45-19 45 19l512 512q19 19 19 45z\"><\/path>\n    <\/svg><\/span> <span>Kalender<\/span><\/a>\n                    <\/span>\n                  <\/div>\n                <\/div>\n              <\/div>\n            <\/div>\n          <\/div>\n        <\/div>\n      <\/div>\n    <\/div>\n  <\/div>\n  <div data-colibri-component=\"section\" data-colibri-id=\"695-c22\" id=\"custom-2\" class=\"h-section h-section-global-spacing d-flex align-items-lg-center align-items-md-center align-items-center style-1112 style-local-695-c22 position-relative\">\n    <!---->\n    <!---->\n    <div class=\"h-section-grid-container h-section-boxed-container\">\n      <!---->\n      <div data-colibri-id=\"695-c23\" class=\"h-row-container gutters-row-lg-2 gutters-row-md-2 gutters-row-0 gutters-row-v-lg-2 gutters-row-v-md-2 gutters-row-v-2 style-1113 style-local-695-c23 position-relative\">\n        <!---->\n        <div class=\"h-row justify-content-lg-center justify-content-md-center justify-content-center align-items-lg-stretch align-items-md-stretch align-items-stretch gutters-col-lg-2 gutters-col-md-2 gutters-col-0 gutters-col-v-lg-2 gutters-col-v-md-2 gutters-col-v-2\">\n          <!---->\n          <div class=\"h-column h-column-container d-flex h-col-lg-auto h-col-md-auto h-col-auto style-1118-outer style-local-695-c24-outer\">\n            <div data-colibri-id=\"695-c24\" class=\"d-flex h-flex-basis h-column__inner h-px-lg-1 h-px-md-1 h-px-1 v-inner-lg-1 v-inner-md-1 v-inner-1 style-1118 style-local-695-c24 position-relative\">\n              <!---->\n              <!---->\n              <div class=\"w-100 h-y-container h-column__content h-column__v-align flex-basis-100 align-self-lg-start align-self-md-start align-self-start\">\n                <!---->\n                <div data-colibri-id=\"695-c25\" class=\"h-global-transition-all h-heading style-1119 style-local-695-c25 position-relative h-element\">\n                  <!---->\n                  <div class=\"h-heading__outer style-1119 style-local-695-c25\">\n                    <!---->\n                    <!---->\n                    <h6 class=\"\">Was kommt wo hin?<\/h6>\n                  <\/div>\n                <\/div>\n              <\/div>\n            <\/div>\n          <\/div>\n          <div class=\"h-column h-column-container d-flex h-col-lg-auto h-col-md-auto h-col-auto style-1114-outer style-local-695-c26-outer\">\n            <div data-colibri-id=\"695-c26\" class=\"d-flex h-flex-basis h-column__inner h-px-lg-2 h-px-md-2 h-px-2 v-inner-lg-2 v-inner-md-2 v-inner-2 style-1114 style-local-695-c26 position-relative\">\n              <!---->\n              <!---->\n              <div class=\"w-100 h-y-container h-column__content h-column__v-align flex-basis-100 align-self-lg-start align-self-md-start align-self-start\">\n                <!---->\n                <div data-colibri-id=\"695-c27\" class=\"d-block style-1116 style-local-695-c27 position-relative h-element\">\n                  <!---->\n                  <div class=\"h-image__frame-container-outer\">\n                    <a href=\"https:\/\/pfadijurabiel.ch\/wp-content\/uploads\/2021\/02\/Abzeichen_1._Stufe-scaled.jpg\" target=\"_blank\" h-use-smooth-scroll=\"true\" class=\"image-link\">\n                      <div class=\"h-image__frame-container\">\n                        <!---->\n                        <!---->\n                        <img loading=\"lazy\" decoding=\"async\" width=\"2074\" height=\"2560\" src=\"https:\/\/pfadijurabiel.ch\/wp-content\/uploads\/2021\/02\/Abzeichen_1._Stufe-scaled.jpg\" class=\"wp-image-1003 style-1116-image style-local-695-c27-image\" alt=\"\" srcset=\"https:\/\/pfadijurabiel.ch\/wp-content\/uploads\/2021\/02\/Abzeichen_1._Stufe-scaled.jpg 2074w, https:\/\/pfadijurabiel.ch\/wp-content\/uploads\/2021\/02\/Abzeichen_1._Stufe-243x300.jpg 243w, https:\/\/pfadijurabiel.ch\/wp-content\/uploads\/2021\/02\/Abzeichen_1._Stufe-830x1024.jpg 830w, https:\/\/pfadijurabiel.ch\/wp-content\/uploads\/2021\/02\/Abzeichen_1._Stufe-768x948.jpg 768w, https:\/\/pfadijurabiel.ch\/wp-content\/uploads\/2021\/02\/Abzeichen_1._Stufe-1244x1536.jpg 1244w, https:\/\/pfadijurabiel.ch\/wp-content\/uploads\/2021\/02\/Abzeichen_1._Stufe-1659x2048.jpg 1659w\" sizes=\"auto, (max-width: 2074px) 100vw, 2074px\" \/>\n                        <div class=\"h-image__frame h-hide-lg h-hide-md h-hide-sm style-1116-frameImage style-local-695-c27-frameImage\"><\/div>\n                      <\/div>\n                    <\/a>\n                  <\/div>\n                <\/div>\n                <div data-colibri-id=\"695-c28\" class=\"h-global-transition-all h-heading style-1120 style-local-695-c28 position-relative h-element\">\n                  <!---->\n                  <div class=\"h-heading__outer style-1120 style-local-695-c28\">\n                    <!---->\n                    <!---->\n                    <h6 class=\"\">W\u00f6lfe<\/h6>\n                  <\/div>\n                <\/div>\n              <\/div>\n            <\/div>\n          <\/div>\n          <div class=\"h-column h-column-container d-flex h-col-lg-auto h-col-md-auto h-col-auto style-1115-outer style-local-695-c29-outer\">\n            <div data-colibri-id=\"695-c29\" class=\"d-flex h-flex-basis h-column__inner h-px-lg-2 h-px-md-2 h-px-2 v-inner-lg-2 v-inner-md-2 v-inner-2 style-1115 style-local-695-c29 position-relative\">\n              <!---->\n              <!---->\n              <div class=\"w-100 h-y-container h-column__content h-column__v-align flex-basis-100 align-self-lg-start align-self-md-start align-self-start\">\n                <!---->\n                <div data-colibri-id=\"695-c30\" class=\"d-block style-1117 style-local-695-c30 position-relative h-element\">\n                  <!---->\n                  <div class=\"h-image__frame-container-outer\">\n                    <a href=\"https:\/\/pfadijurabiel.ch\/wp-content\/uploads\/2021\/02\/Abzeichen_2._Stufe-scaled.jpg\" target=\"_blank\" h-use-smooth-scroll=\"true\" class=\"image-link\">\n                      <div class=\"h-image__frame-container\">\n                        <!---->\n                        <!---->\n                        <img loading=\"lazy\" decoding=\"async\" width=\"1817\" height=\"2560\" src=\"https:\/\/pfadijurabiel.ch\/wp-content\/uploads\/2021\/02\/Abzeichen_2._Stufe-scaled.jpg\" class=\"wp-image-1004 style-1117-image style-local-695-c30-image\" alt=\"\" srcset=\"https:\/\/pfadijurabiel.ch\/wp-content\/uploads\/2021\/02\/Abzeichen_2._Stufe-scaled.jpg 1817w, https:\/\/pfadijurabiel.ch\/wp-content\/uploads\/2021\/02\/Abzeichen_2._Stufe-213x300.jpg 213w, https:\/\/pfadijurabiel.ch\/wp-content\/uploads\/2021\/02\/Abzeichen_2._Stufe-727x1024.jpg 727w, https:\/\/pfadijurabiel.ch\/wp-content\/uploads\/2021\/02\/Abzeichen_2._Stufe-768x1082.jpg 768w, https:\/\/pfadijurabiel.ch\/wp-content\/uploads\/2021\/02\/Abzeichen_2._Stufe-1090x1536.jpg 1090w, https:\/\/pfadijurabiel.ch\/wp-content\/uploads\/2021\/02\/Abzeichen_2._Stufe-1454x2048.jpg 1454w\" sizes=\"auto, (max-width: 1817px) 100vw, 1817px\" \/>\n                        <div class=\"h-image__frame h-hide-lg h-hide-md h-hide-sm style-1117-frameImage style-local-695-c30-frameImage\"><\/div>\n                      <\/div>\n                    <\/a>\n                  <\/div>\n                <\/div>\n                <div data-colibri-id=\"695-c31\" class=\"h-global-transition-all h-heading style-1121 style-local-695-c31 position-relative h-element\">\n                  <!---->\n                  <div class=\"h-heading__outer style-1121 style-local-695-c31\">\n                    <!---->\n                    <!---->\n                    <h6 class=\"\">Pfadis<\/h6>\n                  <\/div>\n                <\/div>\n              <\/div>\n            <\/div>\n          <\/div>\n        <\/div>\n      <\/div>\n    <\/div>\n  <\/div>\n  <div data-colibri-component=\"section\" data-colibri-id=\"695-c32\" id=\"custom-3\" class=\"h-section h-section-global-spacing d-flex align-items-lg-center align-items-md-center align-items-center style-1129 style-local-695-c32 position-relative\">\n    <!---->\n    <!---->\n    <div class=\"h-section-grid-container h-section-boxed-container\">\n      <!---->\n      <div data-colibri-id=\"695-c33\" class=\"h-row-container gutters-row-lg-2 gutters-row-md-2 gutters-row-0 gutters-row-v-lg-2 gutters-row-v-md-2 gutters-row-v-2 style-1130 style-local-695-c33 position-relative\">\n        <!---->\n        <div class=\"h-row justify-content-lg-center justify-content-md-center justify-content-center align-items-lg-stretch align-items-md-stretch align-items-stretch gutters-col-lg-2 gutters-col-md-2 gutters-col-0 gutters-col-v-lg-2 gutters-col-v-md-2 gutters-col-v-2\">\n          <!---->\n          <div class=\"h-column h-column-container d-flex h-col-lg-auto h-col-md-auto h-col-auto style-1131-outer style-local-695-c34-outer\">\n            <div data-colibri-id=\"695-c34\" class=\"d-flex h-flex-basis h-column__inner h-px-lg-2 h-px-md-2 h-px-2 v-inner-lg-2 v-inner-md-2 v-inner-2 style-1131 style-local-695-c34 position-relative\">\n              <!---->\n              <!---->\n              <div class=\"w-100 h-y-container h-column__content h-column__v-align flex-basis-100 align-self-lg-start align-self-md-start align-self-start\">\n                <!---->\n                <div data-colibri-id=\"695-c35\" class=\"h-global-transition-all h-heading style-1139 style-local-695-c35 position-relative h-element\">\n                  <!---->\n                  <div class=\"h-heading__outer style-1139 style-local-695-c35\">\n                    <!---->\n                    <!---->\n                    <h6 class=\"\">Die Materialstelle wird ehrenamtlich betreut von<\/h6>\n                  <\/div>\n                <\/div>\n              <\/div>\n            <\/div>\n          <\/div>\n          <div class=\"h-column h-column-container d-flex h-col-lg-auto h-col-md-auto h-col-auto style-1132-outer style-local-695-c36-outer\">\n            <div data-colibri-id=\"695-c36\" class=\"d-flex h-flex-basis h-column__inner h-px-lg-2 h-px-md-2 h-px-2 v-inner-lg-2 v-inner-md-2 v-inner-2 style-1132 style-local-695-c36 position-relative\">\n              <!---->\n              <!---->\n              <div class=\"w-100 h-y-container h-column__content h-column__v-align flex-basis-100 align-self-lg-start align-self-md-start align-self-start\">\n                <!---->\n                <div data-colibri-id=\"695-c37\" class=\"d-block style-1135 style-local-695-c37 position-relative h-element\">\n                  <!---->\n                  <div class=\"h-image__frame-container-outer\">\n                    <a href=\"mailto:materialstelle@pfadijurabiel.ch\" h-use-smooth-scroll=\"true\" class=\"image-link\">\n                      <div class=\"h-image__frame-container\">\n                        <!---->\n                        <!---->\n                        <img loading=\"lazy\" decoding=\"async\" width=\"1707\" height=\"2560\" src=\"https:\/\/pfadijurabiel.ch\/wp-content\/uploads\/2021\/05\/Misrach-scaled.jpg\" class=\"wp-image-3918 style-1135-image style-local-695-c37-image\" alt=\"\" srcset=\"https:\/\/pfadijurabiel.ch\/wp-content\/uploads\/2021\/05\/Misrach-scaled.jpg 1707w, https:\/\/pfadijurabiel.ch\/wp-content\/uploads\/2021\/05\/Misrach-200x300.jpg 200w, https:\/\/pfadijurabiel.ch\/wp-content\/uploads\/2021\/05\/Misrach-683x1024.jpg 683w, https:\/\/pfadijurabiel.ch\/wp-content\/uploads\/2021\/05\/Misrach-768x1152.jpg 768w\" sizes=\"auto, (max-width: 1707px) 100vw, 1707px\" \/>\n                        <div class=\"h-image__frame h-hide-lg h-hide-md h-hide-sm style-1135-frameImage style-local-695-c37-frameImage\"><\/div>\n                      <\/div>\n                    <\/a>\n                  <\/div>\n                <\/div>\n                <div data-colibri-id=\"695-c38\" class=\"h-global-transition-all h-heading style-1137 style-local-695-c38 position-relative h-element\">\n                  <!---->\n                  <div class=\"h-heading__outer style-1137 style-local-695-c38\">\n                    <!---->\n                    <!---->\n                    <a href=\"mailto:materialstelle@pfadijurabiel.ch\" h-use-smooth-scroll=\"true\">\n                      <h6 class=\"\">Chantal Cardinaux \/ Misrach<\/h6>\n                    <\/a>\n                  <\/div>\n                <\/div>\n              <\/div>\n            <\/div>\n          <\/div>\n          <div class=\"h-column h-column-container d-flex h-col-lg-auto h-col-md-auto h-col-auto style-1133-outer style-local-695-c39-outer\">\n            <div data-colibri-id=\"695-c39\" class=\"d-flex h-flex-basis h-column__inner h-px-lg-2 h-px-md-2 h-px-2 v-inner-lg-2 v-inner-md-2 v-inner-2 style-1133 style-local-695-c39 position-relative\">\n              <!---->\n              <!---->\n              <div class=\"w-100 h-y-container h-column__content h-column__v-align flex-basis-100 align-self-lg-start align-self-md-start align-self-start\">\n                <!---->\n                <div data-colibri-id=\"695-c40\" class=\"d-block style-1136 style-local-695-c40 position-relative h-element\">\n                  <!---->\n                  <div class=\"h-image__frame-container-outer\">\n                    <a href=\"mailto:materialstelle@pfadijurabiel.ch\" h-use-smooth-scroll=\"true\" class=\"image-link\">\n                      <div class=\"h-image__frame-container\">\n                        <!---->\n                        <!---->\n                        <img loading=\"lazy\" decoding=\"async\" width=\"1707\" height=\"2560\" src=\"https:\/\/pfadijurabiel.ch\/wp-content\/uploads\/2021\/05\/Fjord-scaled.jpg\" class=\"wp-image-3910 style-1136-image style-local-695-c40-image\" alt=\"\" srcset=\"https:\/\/pfadijurabiel.ch\/wp-content\/uploads\/2021\/05\/Fjord-scaled.jpg 1707w, https:\/\/pfadijurabiel.ch\/wp-content\/uploads\/2021\/05\/Fjord-200x300.jpg 200w, https:\/\/pfadijurabiel.ch\/wp-content\/uploads\/2021\/05\/Fjord-683x1024.jpg 683w, https:\/\/pfadijurabiel.ch\/wp-content\/uploads\/2021\/05\/Fjord-768x1152.jpg 768w, https:\/\/pfadijurabiel.ch\/wp-content\/uploads\/2021\/05\/Fjord-1024x1536.jpg 1024w, https:\/\/pfadijurabiel.ch\/wp-content\/uploads\/2021\/05\/Fjord-1365x2048.jpg 1365w\" sizes=\"auto, (max-width: 1707px) 100vw, 1707px\" \/>\n                        <div class=\"h-image__frame h-hide-lg h-hide-md h-hide-sm style-1136-frameImage style-local-695-c40-frameImage\"><\/div>\n                      <\/div>\n                    <\/a>\n                  <\/div>\n                <\/div>\n                <div data-colibri-id=\"695-c41\" class=\"h-global-transition-all h-heading style-1138 style-local-695-c41 position-relative h-element\">\n                  <!---->\n                  <div class=\"h-heading__outer style-1138 style-local-695-c41\">\n                    <!---->\n                    <!---->\n                    <a href=\"mailto:materialstelle@pfadijurabiel.ch\" h-use-smooth-scroll=\"true\">\n                      <h6 class=\"\">Nik kavlak \/ fjord<\/h6>\n                    <\/a>\n                  <\/div>\n                <\/div>\n              <\/div>\n            <\/div>\n          <\/div>\n        <\/div>\n      <\/div>\n    <\/div>\n  <\/div>\n<\/div>","protected":false},"excerpt":{"rendered":"<p>Material- und Bekleidungsstelle Die Materialstelle sorgt daf\u00fcr, dass unsere Abteilung immer mit zweckm\u00e4ssigen Pfadiutensilien versorgt wird. Eine gute und passende Ausr\u00fcstung ist f\u00fcr den Pfadialltag unerl\u00e4sslich. Diese Ausr\u00fcstungsgegenst\u00e4nde k\u00f6nnen direkt bei unserer Materialstelle bezogen werden. Dort erhaltet Ihr abteilungsspezifische Sachen, wie Hemd, Foulard, Abzeichen, etc., sowie alle Produkte vom offiziellen Pfadiausr\u00fcster Hajk portofrei. Aktuelle Infos [&hellip;]<\/p>\n","protected":false},"author":3,"featured_media":0,"parent":694,"menu_order":0,"comment_status":"closed","ping_status":"closed","template":"page-templates\/full-width-page.php","meta":{"footnotes":""},"class_list":["post-695","page","type-page","status-publish","hentry"],"featured_image_src":null,"featured_image_src_square":null,"_links":{"self":[{"href":"https:\/\/pfadijurabiel.ch\/index.php?rest_route=\/wp\/v2\/pages\/695","targetHints":{"allow":["GET"]}}],"collection":[{"href":"https:\/\/pfadijurabiel.ch\/index.php?rest_route=\/wp\/v2\/pages"}],"about":[{"href":"https:\/\/pfadijurabiel.ch\/index.php?rest_route=\/wp\/v2\/types\/page"}],"author":[{"embeddable":true,"href":"https:\/\/pfadijurabiel.ch\/index.php?rest_route=\/wp\/v2\/users\/3"}],"replies":[{"embeddable":true,"href":"https:\/\/pfadijurabiel.ch\/index.php?rest_route=%2Fwp%2Fv2%2Fcomments&post=695"}],"version-history":[{"count":20,"href":"https:\/\/pfadijurabiel.ch\/index.php?rest_route=\/wp\/v2\/pages\/695\/revisions"}],"predecessor-version":[{"id":9715,"href":"https:\/\/pfadijurabiel.ch\/index.php?rest_route=\/wp\/v2\/pages\/695\/revisions\/9715"}],"up":[{"embeddable":true,"href":"https:\/\/pfadijurabiel.ch\/index.php?rest_route=\/wp\/v2\/pages\/694"}],"wp:attachment":[{"href":"https:\/\/pfadijurabiel.ch\/index.php?rest_route=%2Fwp%2Fv2%2Fmedia&parent=695"}],"curies":[{"name":"wp","href":"https:\/\/api.w.org\/{rel}","templated":true}]}}