{"id":693,"date":"2021-02-14T18:24:35","date_gmt":"2021-02-14T17:24:35","guid":{"rendered":"https:\/\/pfadijurabiel.ch\/wordpress\/?page_id=693"},"modified":"2021-05-15T11:38:14","modified_gmt":"2021-05-15T10:38:14","slug":"was-ist-pfadi","status":"publish","type":"page","link":"https:\/\/pfadijurabiel.ch\/?page_id=693","title":{"rendered":"Was ist Pfadi?"},"content":{"rendered":"<div class=\"style-1639 style-local-693-c1 position-relative\" data-colibri-id=\"693-c1\">\r\n<div id=\"reusable-sections\" class=\"h-section h-section-global-spacing d-flex align-items-lg-center align-items-md-center align-items-center style-1640 style-local-693-c2 position-relative\" data-colibri-component=\"section\" data-colibri-id=\"693-c2\">\r\n<div class=\"h-separator\" style=\"height: 100px; top: calc(0px);\"><\/div>\r\n<div class=\"h-section-grid-container h-section-boxed-container\">\r\n<div class=\"h-row-container gutters-row-lg-2 gutters-row-md-2 gutters-row-0 gutters-row-v-lg-2 gutters-row-v-md-2 gutters-row-v-2 style-1641 style-local-693-c3 position-relative\" data-colibri-id=\"693-c3\">\r\n<div class=\"h-row justify-content-lg-center justify-content-md-center justify-content-center align-items-lg-stretch align-items-md-stretch align-items-stretch gutters-col-lg-2 gutters-col-md-2 gutters-col-0 gutters-col-v-lg-2 gutters-col-v-md-2 gutters-col-v-2\">\r\n<div class=\"h-column h-column-container d-flex h-col-lg-auto h-col-md-auto h-col-auto style-1642-outer style-local-693-c4-outer\">\r\n<div class=\"d-flex h-flex-basis h-column__inner h-px-lg-2 h-px-md-2 h-px-2 v-inner-lg-2 v-inner-md-2 v-inner-2 style-1642 style-local-693-c4 position-relative\" data-colibri-id=\"693-c4\">\r\n<div class=\"w-100 h-y-container h-column__content h-column__v-align flex-basis-100 align-self-lg-start align-self-md-start align-self-start\">\r\n<div class=\"h-global-transition-all h-heading style-1643 style-local-693-c5 position-relative h-element\" data-colibri-id=\"693-c5\">\r\n<div class=\"h-heading__outer style-1643 style-local-693-c5\">\r\n<h2 class=\"\">Was ist Pfadi?<\/h2>\r\n<\/div>\r\n<\/div>\r\n<\/div>\r\n<\/div>\r\n<\/div>\r\n<\/div>\r\n<\/div>\r\n<div class=\"h-row-container gutters-row-lg-2 gutters-row-md-2 gutters-row-0 gutters-row-v-lg-2 gutters-row-v-md-2 gutters-row-v-2 style-1644 style-local-693-c6 position-relative\" data-colibri-id=\"693-c6\">\r\n<div class=\"h-row justify-content-lg-center justify-content-md-center justify-content-center align-items-lg-stretch align-items-md-stretch align-items-stretch gutters-col-lg-2 gutters-col-md-2 gutters-col-0 gutters-col-v-lg-2 gutters-col-v-md-2 gutters-col-v-2\">\r\n<div class=\"h-column h-column-container d-flex h-col-lg-auto h-col-md-auto h-col-auto style-1645-outer style-local-693-c7-outer\">\r\n<div class=\"d-flex h-flex-basis h-column__inner h-px-lg-2 h-px-md-2 h-px-2 v-inner-lg-2 v-inner-md-2 v-inner-2 style-1645 style-local-693-c7 position-relative\" data-colibri-id=\"693-c7\">\r\n<div class=\"w-100 h-y-container h-column__content h-column__v-align flex-basis-100 align-self-lg-start align-self-md-start align-self-start\">\r\n<div class=\"h-text h-text-component style-1646 style-local-693-c8 position-relative h-element\" data-colibri-id=\"693-c8\">\r\n<div class=\"\">\r\n<p style=\"text-align: justify;\">Die Pfadi ist die gr\u00f6sste Jugendorganisation der Welt.<\/p>\r\n<p style=\"text-align: justify;\">In der Pfadi stehen Spiel, Spass und Abenteuer in der freien Natur im Vordergrund. Der Fantasie sind keine Grenzen gesetzt: die Kinder und Jugendlichen k\u00f6nnen in eine Geschichte eintauchen (wir nennen das den RF, \u00abroter Faden\u00bb) und werden so f\u00fcr einen Samstagnachmittag zu Piraten, Rittern oder ForscherInnen. Respekt und Toleranz gegen\u00fcber anderen und der Natur sind wichtige Werte, die wir den Kindern von Anfang an mitgeben m\u00f6chten. Auch Hilfsbereitschaft und Grossz\u00fcgigkeit geh\u00f6ren zur Pfadi selbstverst\u00e4ndlich dazu: oft entstehen lebenslange Freundschaften.<\/p>\r\n<p style=\"text-align: justify;\">In der Pfadi lernt man Lektionen f\u00fcrs Leben, die Kinder \u00fcbernehmen schrittweise Verantwortung: je nach Alter helfen sie beim Zvieri zubereiten, erkl\u00e4ren Spiele oder planen sogar einen ganzen Samstagnachmittag. Dabei stehen ihnen die Leiter und Leiterinnen zur Seite: sie sind von J&amp;S (Jugend &amp; Sport) ausgebildet, und geben ihr erlerntes Wissen gerne und spielerisch weiter. Der H\u00f6hepunkt jedes Pfadijahres sind die Lager, die immer im Sommer und \u00fcber Pfingsten stattfinden. Die Kinder schlafen in Zelten, gehen auf Wanderungen und erleben Abenteuer, die ihnen ein Leben lang in Erinnerung bleiben werden. <a href=\"https:\/\/pfadijurabiel.ch\/?page_id=12\" target=\"_blank\" rel=\"noopener\">Hier<\/a> kannst du dir Fotos von vergangenen Lagern ansehen.<\/p>\r\n<p style=\"text-align: justify;\">Neugierig? Dann komm doch mal <a href=\"https:\/\/pfadijurabiel.ch\/?page_id=697\" target=\"_blank\" rel=\"noopener\">schnuppern<\/a>!<\/p>\r\n<p style=\"text-align: justify;\">Willst du mehr \u00fcber die Pfadi wissen? Dann schau doch bei der Webseite des <a href=\"https:\/\/pfadi.swiss\/de\/go\/pfadi-entdecken\/\" target=\"_blank\" rel=\"noopener\">Pfadibund Schweiz<\/a> oder der <a href=\"https:\/\/www.pfadibern.ch\/de\/home\" rel=\"noopener\" target=\"_blank\">Pfadi Kanton Bern<\/a> vorbei. Da gibt es zum Beispiel Informationen zu den <a href=\"https:\/\/pfadi.swiss\/de\/pfadiprofil\" target=\"_blank\" rel=\"noopener\">p\u00e4dagogischen Grundlagen der Pfadi<\/a>, der <a href=\"https:\/\/pfadi.swiss\/de\/das-ist-pfadi\/geschichte-der-pfadi\/\" target=\"_blank\" rel=\"noopener\">Geschichte der Pfadi<\/a> und vielem mehr!<\/p>\r\n\r\n<\/div>\r\n<\/div>\r\n<\/div>\r\n<\/div>\r\n<\/div>\r\n<div class=\"h-column h-column-container d-flex h-col-lg-auto h-col-md-auto h-col-auto style-1647-outer style-local-693-c9-outer\">\r\n<div class=\"d-flex h-flex-basis h-column__inner h-px-lg-2 h-px-md-2 h-px-2 v-inner-lg-2 v-inner-md-2 v-inner-2 style-1647 style-local-693-c9 position-relative\" data-colibri-id=\"693-c9\">\r\n<div class=\"w-100 h-y-container h-column__content h-column__v-align flex-basis-100 align-self-lg-start align-self-md-start align-self-start\">\r\n<div class=\"d-block style-1648 style-local-693-c10 position-relative h-element\" data-colibri-id=\"693-c10\">\r\n<div class=\"h-image__frame-container-outer\">\r\n<div class=\"h-image__frame-container\">\r\n\r\n<img loading=\"lazy\" decoding=\"async\" width=\"1240\" height=\"1754\" class=\"wp-image-794 style-1648-image style-local-693-c10-image\" src=\"https:\/\/pfadijurabiel.ch\/wp-content\/uploads\/2021\/02\/Pfadigesetz_2_1.jpg\" alt=\"\" srcset=\"https:\/\/pfadijurabiel.ch\/wp-content\/uploads\/2021\/02\/Pfadigesetz_2_1.jpg 1240w, https:\/\/pfadijurabiel.ch\/wp-content\/uploads\/2021\/02\/Pfadigesetz_2_1-212x300.jpg 212w, https:\/\/pfadijurabiel.ch\/wp-content\/uploads\/2021\/02\/Pfadigesetz_2_1-724x1024.jpg 724w, https:\/\/pfadijurabiel.ch\/wp-content\/uploads\/2021\/02\/Pfadigesetz_2_1-768x1086.jpg 768w, https:\/\/pfadijurabiel.ch\/wp-content\/uploads\/2021\/02\/Pfadigesetz_2_1-1086x1536.jpg 1086w\" sizes=\"auto, (max-width: 1240px) 100vw, 1240px\" \/>\r\n<div class=\"h-image__frame h-hide-lg h-hide-md h-hide-sm style-1648-frameImage style-local-693-c10-frameImage\"><\/div>\r\n<\/div>\r\n<\/div>\r\n<\/div>\r\n<\/div>\r\n<\/div>\r\n<\/div>\r\n<\/div>\r\n<\/div>\r\n<\/div>\r\n<\/div>\r\n<\/div>","protected":false},"excerpt":{"rendered":"<p>Was ist Pfadi? Die Pfadi ist die gr\u00f6sste Jugendorganisation der Welt. In der Pfadi stehen Spiel, Spass und Abenteuer in der freien Natur im Vordergrund. Der Fantasie sind keine Grenzen gesetzt: die Kinder und Jugendlichen k\u00f6nnen in eine Geschichte eintauchen (wir nennen das den RF, \u00abroter Faden\u00bb) und werden so f\u00fcr einen Samstagnachmittag zu Piraten, [&hellip;]<\/p>\n","protected":false},"author":3,"featured_media":0,"parent":0,"menu_order":0,"comment_status":"closed","ping_status":"closed","template":"page-templates\/full-width-page.php","meta":{"footnotes":""},"class_list":["post-693","page","type-page","status-publish","hentry"],"featured_image_src":null,"featured_image_src_square":null,"_links":{"self":[{"href":"https:\/\/pfadijurabiel.ch\/index.php?rest_route=\/wp\/v2\/pages\/693","targetHints":{"allow":["GET"]}}],"collection":[{"href":"https:\/\/pfadijurabiel.ch\/index.php?rest_route=\/wp\/v2\/pages"}],"about":[{"href":"https:\/\/pfadijurabiel.ch\/index.php?rest_route=\/wp\/v2\/types\/page"}],"author":[{"embeddable":true,"href":"https:\/\/pfadijurabiel.ch\/index.php?rest_route=\/wp\/v2\/users\/3"}],"replies":[{"embeddable":true,"href":"https:\/\/pfadijurabiel.ch\/index.php?rest_route=%2Fwp%2Fv2%2Fcomments&post=693"}],"version-history":[{"count":10,"href":"https:\/\/pfadijurabiel.ch\/index.php?rest_route=\/wp\/v2\/pages\/693\/revisions"}],"predecessor-version":[{"id":4232,"href":"https:\/\/pfadijurabiel.ch\/index.php?rest_route=\/wp\/v2\/pages\/693\/revisions\/4232"}],"wp:attachment":[{"href":"https:\/\/pfadijurabiel.ch\/index.php?rest_route=%2Fwp%2Fv2%2Fmedia&parent=693"}],"curies":[{"name":"wp","href":"https:\/\/api.w.org\/{rel}","templated":true}]}}