{"id":227,"date":"2021-01-16T19:44:35","date_gmt":"2021-01-16T18:44:35","guid":{"rendered":"https:\/\/pfadijurabiel.ch\/wordpress\/?page_id=227"},"modified":"2025-10-20T15:52:44","modified_gmt":"2025-10-20T13:52:44","slug":"biber","status":"publish","type":"page","link":"https:\/\/pfadijurabiel.ch\/?page_id=227","title":{"rendered":"Biber"},"content":{"rendered":"<div data-colibri-id=\"227-c1\" class=\"style-1122 style-local-227-c1 position-relative\">\n  <!---->\n  <div data-colibri-component=\"section\" data-colibri-id=\"227-c2\" id=\"custom\" class=\"h-section h-section-global-spacing d-flex align-items-lg-center align-items-md-center align-items-center style-1123 style-local-227-c2 position-relative\">\n    <!---->\n    <!---->\n    <div class=\"h-section-grid-container h-section-boxed-container\">\n      <!---->\n      <div data-colibri-id=\"227-c3\" class=\"h-row-container gutters-row-lg-2 gutters-row-md-2 gutters-row-0 gutters-row-v-lg-2 gutters-row-v-md-2 gutters-row-v-2 style-1124 style-local-227-c3 position-relative\">\n        <!---->\n        <div class=\"h-row justify-content-lg-center justify-content-md-center justify-content-center align-items-lg-stretch align-items-md-stretch align-items-stretch gutters-col-lg-2 gutters-col-md-2 gutters-col-0 gutters-col-v-lg-2 gutters-col-v-md-2 gutters-col-v-2\">\n          <!---->\n          <div class=\"h-column h-column-container d-flex h-col-lg-auto h-col-md-auto h-col-auto style-1125-outer style-local-227-c4-outer\">\n            <div data-colibri-id=\"227-c4\" class=\"d-flex h-flex-basis h-column__inner h-px-lg-2 h-px-md-2 h-px-2 v-inner-lg-2 v-inner-md-2 v-inner-2 style-1125 style-local-227-c4 position-relative\">\n              <!---->\n              <!---->\n              <div class=\"w-100 h-y-container h-column__content h-column__v-align flex-basis-100 align-self-lg-start align-self-md-start align-self-start\">\n                <!---->\n                <div data-colibri-id=\"227-c5\" class=\"h-global-transition-all h-heading style-1140 style-local-227-c5 position-relative h-element\">\n                  <!---->\n                  <div class=\"h-heading__outer style-1140 style-local-227-c5\">\n                    <!---->\n                    <!---->\n                    <h2 class=\"\">Biber<\/h2>\n                  <\/div>\n                <\/div>\n              <\/div>\n            <\/div>\n          <\/div>\n        <\/div>\n      <\/div>\n      <div data-colibri-id=\"227-c6\" class=\"h-row-container gutters-row-lg-2 gutters-row-md-2 gutters-row-0 gutters-row-v-lg-2 gutters-row-v-md-2 gutters-row-v-2 style-1141 style-local-227-c6 position-relative\">\n        <!---->\n        <div class=\"h-row justify-content-lg-center justify-content-md-center justify-content-center align-items-lg-stretch align-items-md-stretch align-items-stretch gutters-col-lg-2 gutters-col-md-2 gutters-col-0 gutters-col-v-lg-2 gutters-col-v-md-2 gutters-col-v-2\">\n          <!---->\n          <div class=\"h-column h-column-container d-flex h-col-lg-auto h-col-md-auto h-col-auto style-1142-outer style-local-227-c7-outer\">\n            <div data-colibri-id=\"227-c7\" class=\"d-flex h-flex-basis h-column__inner h-px-lg-2 h-px-md-2 h-px-2 v-inner-lg-2 v-inner-md-2 v-inner-2 style-1142 style-local-227-c7 position-relative\">\n              <!---->\n              <!---->\n              <div class=\"w-100 h-y-container h-column__content h-column__v-align flex-basis-100 align-self-lg-start align-self-md-start align-self-start\">\n                <!---->\n                <div data-colibri-id=\"227-c8\" class=\"h-global-transition-all h-heading style-1144 style-local-227-c8 position-relative h-element\">\n                  <!---->\n                  <div class=\"h-heading__outer style-1144 style-local-227-c8\">\n                    <!---->\n                    <!---->\n                    <h5 class=\"\">Was ist die Biberstufe?<\/h5>\n                  <\/div>\n                <\/div>\n                <div data-colibri-id=\"227-c9\" class=\"h-text h-text-component style-1143 style-local-227-c9 position-relative h-element\">\n                  <!---->\n                  <!---->\n                  <div class=\"\">\n                    <p>Als Biber bezeichnen wir die j\u00fcngsten Mitglieder der Pfadiabteilung Jura Biel, wir bieten auch Ihnen die Gelegenheit, die Pfadi zu erleben. Wir treffen uns ca. alle drei Wochen von 14:00 &#8211; 16:30 Uhr und haben im Mai ein Biberweekend.<\/p>\n                  <\/div>\n                <\/div>\n                <div data-colibri-id=\"227-c10\" class=\"h-global-transition-all h-heading style-1145 style-local-227-c10 position-relative h-element\">\n                  <!---->\n                  <div class=\"h-heading__outer style-1145 style-local-227-c10\">\n                    <!---->\n                    <!---->\n                    <h5 class=\"\">Was machen die Biber?<\/h5>\n                  <\/div>\n                <\/div>\n                <div data-colibri-id=\"227-c11\" class=\"h-text h-text-component style-1146 style-local-227-c11 position-relative h-element\">\n                  <!---->\n                  <!---->\n                  <div class=\"\">\n                    <p>Gemeinsam entdecken wir die Natur, lernen neue Spiele kennen und erleben lustige und spannende Abenteuer. Zusammen mit einem erfahrenen LeiterInnenteam verbringen wir viel Zeit in der Natur.<\/p>\n                  <\/div>\n                <\/div>\n                <div data-colibri-id=\"227-c12\" class=\"h-global-transition-all h-heading style-1147 style-local-227-c12 position-relative h-element\">\n                  <!---->\n                  <div class=\"h-heading__outer style-1147 style-local-227-c12\">\n                    <!---->\n                    <!---->\n                    <h5 class=\"\">Wer kann bei den Bibern mitmachen?<\/h5>\n                  <\/div>\n                <\/div>\n                <div data-colibri-id=\"227-c13\" class=\"h-text h-text-component style-1148 style-local-227-c13 position-relative h-element\">\n                  <!---->\n                  <!---->\n                  <div class=\"\">\n                    <p>Die Biberstufe ist f\u00fcr M\u00e4dchen und Jungen im Alter von 5 &#8211; 7 Jahren (ab Kindergarten). In einer Gruppe Gleichaltriger finden die Biber einen geeigneten Ausgleich zum herk\u00f6mmlichen Alltagsleben.\n                      <br>\n                    <\/p>\n                  <\/div>\n                <\/div>\n              <\/div>\n            <\/div>\n          <\/div>\n        <\/div>\n      <\/div>\n      <div data-colibri-id=\"227-c14\" class=\"h-row-container gutters-row-lg-2 gutters-row-md-2 gutters-row-0 gutters-row-v-lg-2 gutters-row-v-md-2 gutters-row-v-2 style-1152 style-local-227-c14 position-relative\">\n        <!---->\n        <div class=\"h-row justify-content-lg-center justify-content-md-center justify-content-center align-items-lg-stretch align-items-md-stretch align-items-stretch gutters-col-lg-2 gutters-col-md-2 gutters-col-0 gutters-col-v-lg-2 gutters-col-v-md-2 gutters-col-v-2\">\n          <!---->\n          <div class=\"h-column h-column-container d-flex h-col-lg-auto h-col-md-auto h-col-auto style-1153-outer style-local-227-c15-outer\">\n            <div data-colibri-id=\"227-c15\" class=\"d-flex h-flex-basis h-column__inner h-px-lg-2 h-px-md-2 h-px-2 v-inner-lg-2 v-inner-md-2 v-inner-2 style-1153 style-local-227-c15 position-relative\">\n              <!---->\n              <!---->\n              <div class=\"w-100 h-y-container h-column__content h-column__v-align flex-basis-100 align-self-lg-start align-self-md-start align-self-start\">\n                <!---->\n                <div data-colibri-id=\"227-c16\" class=\"h-global-transition-all h-heading style-1170 style-local-227-c16 position-relative h-element\">\n                  <!---->\n                  <div class=\"h-heading__outer style-1170 style-local-227-c16\">\n                    <!---->\n                    <!---->\n                    <h5 class=\"\">Aktuelle Infos<\/h5>\n                  <\/div>\n                <\/div>\n                <div data-colibri-id=\"227-c17\" class=\"h-x-container style-1155 style-local-227-c17 position-relative h-element\">\n                  <!---->\n                  <div class=\"h-x-container-inner style-dynamic-227-c17-group style-1155-spacing style-local-227-c17-spacing\"><span class=\"h-link__outer style-1156-outer style-local-227-c18-outer d-inline-flex h-element\"><a h-use-smooth-scroll=\"true\" href=\"https:\/\/pfadijurabiel.ch\/wp-content\/uploads\/2022\/02\/QP_Biber_2022_1.pdf\" target=\"_blank\"  data-colibri-id=\"227-c18\" class=\"d-flex w-100 align-items-center h-link style-1156 style-local-227-c18 position-relative\"><!----><span  class=\"h-svg-icon h-link__icon style-1156-icon style-local-227-c18-icon\"><!--Icon by Font Awesome (https:\/\/fontawesome.com)-->\n    <svg version=\"1.1\" xmlns=\"http:\/\/www.w3.org\/2000\/svg\" xmlns:xlink=\"http:\/\/www.w3.org\/1999\/xlink\" id=\"mail-forward\" viewBox=\"0 0 1792 1896.0833\">\n      <path d=\"M1792 640q0 26-19 45l-512 512q-19 19-45 19t-45-19-19-45V896H928q-98 0-175.5 6t-154 21.5-133 42.5-105.5 69.5-80 101-48.5 138.5-17.5 181q0 55 5 123 0 6 2.5 23.5t2.5 26.5q0 15-8.5 25t-23.5 10q-16 0-28-17-7-9-13-22t-13.5-30-10.5-24Q0 1286 0 1120q0-199 53-333 162-403 875-403h224V128q0-26 19-45t45-19 45 19l512 512q19 19 19 45z\"><\/path>\n    <\/svg><\/span> <span>zum Semesterprogramm<\/span><\/a>\n                    <\/span>\n                  <\/div>\n                <\/div>\n                <div data-colibri-id=\"227-c19\" class=\"h-text h-text-component style-1169 style-local-227-c19 position-relative h-element\">\n                  <!---->\n                  <!---->\n                  <div class=\"\">\n                    <p>In unserem Kalender findest Du alle Semesterdaten, sowie alle erforderlichen Infos zur n\u00e4chsten Aktivit\u00e4t (jeweils am Donnerstag Abend vor der Aktivit\u00e4t)<\/p>\n                  <\/div>\n                <\/div>\n                <div data-colibri-id=\"227-c20\" class=\"h-x-container style-1167 style-local-227-c20 position-relative h-element\">\n                  <!---->\n                  <div class=\"h-x-container-inner style-dynamic-227-c20-group style-1167-spacing style-local-227-c20-spacing\"><span class=\"h-link__outer style-1168-outer style-local-227-c21-outer d-inline-flex h-element\"><a h-use-smooth-scroll=\"true\" href=\"https:\/\/pfadijurabiel.ch\/?page_id=11\" target=\"_blank\"  data-colibri-id=\"227-c21\" class=\"d-flex w-100 align-items-center h-link style-1168 style-local-227-c21 position-relative\"><!----><span  class=\"h-svg-icon h-link__icon style-1168-icon style-local-227-c21-icon\"><!--Icon by Font Awesome (https:\/\/fontawesome.com)-->\n    <svg version=\"1.1\" xmlns=\"http:\/\/www.w3.org\/2000\/svg\" xmlns:xlink=\"http:\/\/www.w3.org\/1999\/xlink\" id=\"mail-forward\" viewBox=\"0 0 1792 1896.0833\">\n      <path d=\"M1792 640q0 26-19 45l-512 512q-19 19-45 19t-45-19-19-45V896H928q-98 0-175.5 6t-154 21.5-133 42.5-105.5 69.5-80 101-48.5 138.5-17.5 181q0 55 5 123 0 6 2.5 23.5t2.5 26.5q0 15-8.5 25t-23.5 10q-16 0-28-17-7-9-13-22t-13.5-30-10.5-24Q0 1286 0 1120q0-199 53-333 162-403 875-403h224V128q0-26 19-45t45-19 45 19l512 512q19 19 19 45z\"><\/path>\n    <\/svg><\/span> <span>Zum Kalender<\/span><\/a>\n                    <\/span>\n                  <\/div>\n                <\/div>\n              <\/div>\n            <\/div>\n          <\/div>\n        <\/div>\n      <\/div>\n    <\/div>\n  <\/div>\n  <div data-colibri-component=\"section\" data-colibri-id=\"227-c22\" id=\"reusable-sections\" class=\"h-section h-section-global-spacing d-flex align-items-lg-center align-items-md-center align-items-center style-1157 style-local-227-c22 position-relative\">\n    <!---->\n    <!---->\n    <div class=\"h-section-grid-container h-section-boxed-container\">\n      <!---->\n      <div data-colibri-id=\"227-c23\" class=\"h-row-container gutters-row-lg-2 gutters-row-md-2 gutters-row-0 gutters-row-v-lg-2 gutters-row-v-md-2 gutters-row-v-2 style-1158 style-local-227-c23 position-relative\">\n        <!---->\n        <div class=\"h-row justify-content-lg-center justify-content-md-center justify-content-center align-items-lg-stretch align-items-md-stretch align-items-stretch gutters-col-lg-2 gutters-col-md-2 gutters-col-0 gutters-col-v-lg-2 gutters-col-v-md-2 gutters-col-v-2\">\n          <!---->\n          <div class=\"h-column h-column-container d-flex h-col-lg-auto h-col-md-auto h-col-auto style-1159-outer style-local-227-c24-outer\">\n            <div data-colibri-id=\"227-c24\" class=\"d-flex h-flex-basis h-column__inner h-px-lg-2 h-px-md-2 h-px-2 v-inner-lg-2 v-inner-md-2 v-inner-2 style-1159 style-local-227-c24 position-relative\">\n              <!---->\n              <!---->\n              <div class=\"w-100 h-y-container h-column__content h-column__v-align flex-basis-100 align-self-lg-start align-self-md-start align-self-start\">\n                <!---->\n                <div data-colibri-id=\"227-c25\" class=\"h-global-transition-all h-heading style-1160 style-local-227-c25 position-relative h-element\">\n                  <!---->\n                  <div class=\"h-heading__outer style-1160 style-local-227-c25\">\n                    <!---->\n                    <!---->\n                    <h6 class=\"\">Die Biberstufe wird ehrenamtlich betreut von<\/h6>\n                  <\/div>\n                <\/div>\n                <div data-colibri-id=\"227-c26\" class=\"h-global-transition-all h-heading style-2625 style-local-227-c26 position-relative h-element\">\n                  <!---->\n                  <div class=\"h-heading__outer style-2625 style-local-227-c26\">\n                    <!---->\n                    <!---->\n                    <a href=\"mailto:biber@pfadijurabiel.ch\" h-use-smooth-scroll=\"true\">\n                      <h6 class=\"\">biber@pfadijurabiel.ch<\/h6>\n                    <\/a>\n                  <\/div>\n                <\/div>\n              <\/div>\n            <\/div>\n          <\/div>\n          <div class=\"h-column h-column-container d-flex h-col-lg-auto h-col-md-auto h-col-auto style-1161-outer style-local-227-c27-outer\">\n            <div data-colibri-id=\"227-c27\" class=\"d-flex h-flex-basis h-column__inner h-px-lg-2 h-px-md-2 h-px-2 v-inner-lg-2 v-inner-md-2 v-inner-2 style-1161 style-local-227-c27 position-relative\">\n              <!---->\n              <!---->\n              <div class=\"w-100 h-y-container h-column__content h-column__v-align flex-basis-100 align-self-lg-end align-self-md-end align-self-end\">\n                <!---->\n                <div data-colibri-id=\"227-c28\" class=\"d-block style-1162 style-local-227-c28 position-relative h-element\">\n                  <!---->\n                  <div class=\"h-image__frame-container-outer\">\n                    <a href=\"mailto:sulaika@pfadijurabiel.ch\" h-use-smooth-scroll=\"true\" class=\"image-link\">\n                      <div class=\"h-image__frame-container\">\n                        <!---->\n                        <!---->\n                        <img loading=\"lazy\" decoding=\"async\" width=\"1707\" height=\"2560\" src=\"https:\/\/pfadijurabiel.ch\/wp-content\/uploads\/2022\/11\/Sulaika-scaled.jpg\" class=\"wp-image-7730 style-1162-image style-local-227-c28-image\" alt=\"\" srcset=\"https:\/\/pfadijurabiel.ch\/wp-content\/uploads\/2022\/11\/Sulaika-scaled.jpg 1707w, https:\/\/pfadijurabiel.ch\/wp-content\/uploads\/2022\/11\/Sulaika-200x300.jpg 200w, https:\/\/pfadijurabiel.ch\/wp-content\/uploads\/2022\/11\/Sulaika-683x1024.jpg 683w, https:\/\/pfadijurabiel.ch\/wp-content\/uploads\/2022\/11\/Sulaika-768x1152.jpg 768w, https:\/\/pfadijurabiel.ch\/wp-content\/uploads\/2022\/11\/Sulaika-1024x1536.jpg 1024w, https:\/\/pfadijurabiel.ch\/wp-content\/uploads\/2022\/11\/Sulaika-1365x2048.jpg 1365w\" sizes=\"auto, (max-width: 1707px) 100vw, 1707px\" \/>\n                        <div class=\"h-image__frame h-hide-lg h-hide-md h-hide-sm style-1162-frameImage style-local-227-c28-frameImage\"><\/div>\n                      <\/div>\n                    <\/a>\n                  <\/div>\n                <\/div>\n                <div data-colibri-id=\"227-c29\" class=\"h-global-transition-all h-heading style-1163 style-local-227-c29 position-relative h-element\">\n                  <!---->\n                  <div class=\"h-heading__outer style-1163 style-local-227-c29\">\n                    <!---->\n                    <!---->\n                    <a href=\"mailto:sulaika@pfadijurabiel.ch\" h-use-smooth-scroll=\"true\">\n                      <h5 class=\"\">JacQueline H\u00e4nseler \/ Sulaika\n                        <br>stufenleitung<\/h5>\n                    <\/a>\n                  <\/div>\n                <\/div>\n              <\/div>\n            <\/div>\n          <\/div>\n          <div class=\"h-column h-column-container d-flex h-col-lg-auto h-col-md-auto h-col-auto style-1164-outer style-local-227-c30-outer\">\n            <div data-colibri-id=\"227-c30\" class=\"d-flex h-flex-basis h-column__inner h-px-lg-2 h-px-md-2 h-px-2 v-inner-lg-2 v-inner-md-2 v-inner-2 style-1164 style-local-227-c30 position-relative\">\n              <!---->\n              <!---->\n              <div class=\"w-100 h-y-container h-column__content h-column__v-align flex-basis-100 align-self-lg-start align-self-md-start align-self-start\">\n                <!---->\n                <div data-colibri-id=\"227-c31\" class=\"d-block style-1165 style-local-227-c31 position-relative h-element\">\n                  <!---->\n                  <div class=\"h-image__frame-container-outer\">\n                    <a href=\"mailto:cham\u00e4leon@pfadijurabiel.ch\" h-use-smooth-scroll=\"true\" class=\"image-link\">\n                      <div class=\"h-image__frame-container\">\n                        <!---->\n                        <!---->\n                        <img loading=\"lazy\" decoding=\"async\" width=\"1707\" height=\"2560\" src=\"https:\/\/pfadijurabiel.ch\/wp-content\/uploads\/2023\/04\/Chamaeleon.jpg\" class=\"wp-image-8150 style-1165-image style-local-227-c31-image\" alt=\"\" srcset=\"https:\/\/pfadijurabiel.ch\/wp-content\/uploads\/2023\/04\/Chamaeleon.jpg 1707w, https:\/\/pfadijurabiel.ch\/wp-content\/uploads\/2023\/04\/Chamaeleon-200x300.jpg 200w, https:\/\/pfadijurabiel.ch\/wp-content\/uploads\/2023\/04\/Chamaeleon-683x1024.jpg 683w, https:\/\/pfadijurabiel.ch\/wp-content\/uploads\/2023\/04\/Chamaeleon-768x1152.jpg 768w, https:\/\/pfadijurabiel.ch\/wp-content\/uploads\/2023\/04\/Chamaeleon-1024x1536.jpg 1024w, https:\/\/pfadijurabiel.ch\/wp-content\/uploads\/2023\/04\/Chamaeleon-1366x2048.jpg 1366w\" sizes=\"auto, (max-width: 1707px) 100vw, 1707px\" \/>\n                        <div class=\"h-image__frame h-hide-lg h-hide-md h-hide-sm style-1165-frameImage style-local-227-c31-frameImage\"><\/div>\n                      <\/div>\n                    <\/a>\n                  <\/div>\n                <\/div>\n                <div data-colibri-id=\"227-c32\" class=\"h-global-transition-all h-heading style-1166 style-local-227-c32 position-relative h-element\">\n                  <!---->\n                  <div class=\"h-heading__outer style-1166 style-local-227-c32\">\n                    <!---->\n                    <!---->\n                    <a href=\"mailto:cham\u00e4leon@pfadijurabiel.ch\" h-use-smooth-scroll=\"true\">\n                      <h5 class=\"\">Jonas Waeber \/ Cham\u00e4leon<\/h5>\n                    <\/a>\n                  <\/div>\n                <\/div>\n              <\/div>\n            <\/div>\n          <\/div>\n          <div class=\"h-column h-column-container d-flex h-col-lg-auto h-col-md-auto h-col-auto style-2283-outer style-local-227-c33-outer\">\n            <div data-colibri-id=\"227-c33\" class=\"d-flex h-flex-basis h-column__inner h-ui-empty-state-container h-px-lg-2 h-px-md-2 h-px-2 v-inner-lg-2 v-inner-md-2 v-inner-2 style-2283 style-local-227-c33 position-relative\">\n              <!---->\n              <!---->\n              <div class=\"w-100 h-y-container h-column__content h-column__v-align flex-basis-100\">\n                <!---->\n              <\/div>\n            <\/div>\n          <\/div>\n        <\/div>\n      <\/div>\n    <\/div>\n  <\/div>\n<\/div>","protected":false},"excerpt":{"rendered":"<p>Biber Was ist die Biberstufe? Als Biber bezeichnen wir die j\u00fcngsten Mitglieder der Pfadiabteilung Jura Biel, wir bieten auch Ihnen die Gelegenheit, die Pfadi zu erleben. Wir treffen uns ca. alle drei Wochen von 14:00 &#8211; 16:30 Uhr und haben im Mai ein Biberweekend. Was machen die Biber? Gemeinsam entdecken wir die Natur, lernen neue [&hellip;]<\/p>\n","protected":false},"author":3,"featured_media":0,"parent":10,"menu_order":0,"comment_status":"closed","ping_status":"closed","template":"page-templates\/full-width-page.php","meta":{"footnotes":""},"class_list":["post-227","page","type-page","status-publish","hentry"],"featured_image_src":null,"featured_image_src_square":null,"_links":{"self":[{"href":"https:\/\/pfadijurabiel.ch\/index.php?rest_route=\/wp\/v2\/pages\/227","targetHints":{"allow":["GET"]}}],"collection":[{"href":"https:\/\/pfadijurabiel.ch\/index.php?rest_route=\/wp\/v2\/pages"}],"about":[{"href":"https:\/\/pfadijurabiel.ch\/index.php?rest_route=\/wp\/v2\/types\/page"}],"author":[{"embeddable":true,"href":"https:\/\/pfadijurabiel.ch\/index.php?rest_route=\/wp\/v2\/users\/3"}],"replies":[{"embeddable":true,"href":"https:\/\/pfadijurabiel.ch\/index.php?rest_route=%2Fwp%2Fv2%2Fcomments&post=227"}],"version-history":[{"count":20,"href":"https:\/\/pfadijurabiel.ch\/index.php?rest_route=\/wp\/v2\/pages\/227\/revisions"}],"predecessor-version":[{"id":9701,"href":"https:\/\/pfadijurabiel.ch\/index.php?rest_route=\/wp\/v2\/pages\/227\/revisions\/9701"}],"up":[{"embeddable":true,"href":"https:\/\/pfadijurabiel.ch\/index.php?rest_route=\/wp\/v2\/pages\/10"}],"wp:attachment":[{"href":"https:\/\/pfadijurabiel.ch\/index.php?rest_route=%2Fwp%2Fv2%2Fmedia&parent=227"}],"curies":[{"name":"wp","href":"https:\/\/api.w.org\/{rel}","templated":true}]}}